{"id":6215,"date":"2023-05-18T10:30:29","date_gmt":"2023-05-18T07:30:29","guid":{"rendered":"https:\/\/pood.moe.ee\/?post_type=product&#038;p=6215"},"modified":"2023-09-11T07:57:40","modified_gmt":"2023-09-11T04:57:40","slug":"piandimare-blue-2020","status":"publish","type":"product","link":"https:\/\/pood-moe.dev.almic.ee\/en\/shop\/vein\/varvus\/punane\/piandimare-blue-2020\/","title":{"rendered":"Piandimare Blue"},"content":{"rendered":"","protected":false},"excerpt":{"rendered":"<p>Toode: Piandimare \u201eBlue\u201c Montepulciano d\u2019Abruzzo DOC<br \/>\nPiirkond: Villamagna\/ Abruzzo \/ Itaalia<br \/>\nMillest tehtud: Montepulciano viinamarjasort<br \/>\nTootest: Intensiivse rubiinpunase v\u00e4rvusega nauditav punavein. Siidise tekstuuri ja intensiivse maitsega rikkalik punavein, kus tooni annavad nii aroomis kui maitses tumedad mustad marjad \u2013 mustikas ja musts\u00f5star, mille lisanduvad n\u00fcansirikkad keerutused mustadest kirssidest ja tumedast sokolaadist. Pikk kestakontakt koos fermentatsiooniga. Viimistlus 9 kuu v\u00e4ltel terastangis ja 6 kuud pudelis.<br \/>\nToidusoovitus: Suurep\u00e4rane nauding seltskonnaveinina suupistete juurde. Hea kaaslane vinnutaud liha, pajaroogade ja grillitud roogade k\u00f5rval.<br \/>\nTootja: Cantina Produttori Riuniti Pian di Mare<br \/>\nM\u00f5ni tore fakt: \u201eBlue\u201c ehk Sinine silt on austusavaldus Vahemerele, kui s\u00fcmbolile, mis omab olulist t\u00e4htsust viinamarjade k\u00fcpsemists\u00fcklis.<br \/>\nAuhinnad: Vein on hinnatud k\u00f5rgeskooriliselt 2022 aastal Decanter Magazine, Luca Maroni ja Mundus Vini poolt.<\/p>\n","protected":false},"featured_media":6216,"template":"","meta":[],"product_cat":[148,116,55],"product_tag":[],"acf":[],"_links":{"self":[{"href":"https:\/\/pood-moe.dev.almic.ee\/en\/wp-json\/wp\/v2\/product\/6215"}],"collection":[{"href":"https:\/\/pood-moe.dev.almic.ee\/en\/wp-json\/wp\/v2\/product"}],"about":[{"href":"https:\/\/pood-moe.dev.almic.ee\/en\/wp-json\/wp\/v2\/types\/product"}],"wp:featuredmedia":[{"embeddable":true,"href":"https:\/\/pood-moe.dev.almic.ee\/en\/wp-json\/wp\/v2\/media\/6216"}],"wp:attachment":[{"href":"https:\/\/pood-moe.dev.almic.ee\/en\/wp-json\/wp\/v2\/media?parent=6215"}],"wp:term":[{"taxonomy":"product_cat","embeddable":true,"href":"https:\/\/pood-moe.dev.almic.ee\/en\/wp-json\/wp\/v2\/product_cat?post=6215"},{"taxonomy":"product_tag","embeddable":true,"href":"https:\/\/pood-moe.dev.almic.ee\/en\/wp-json\/wp\/v2\/product_tag?post=6215"}],"curies":[{"name":"wp","href":"https:\/\/api.w.org\/{rel}","templated":true}]}}