{"id":6220,"date":"2023-05-18T10:34:52","date_gmt":"2023-05-18T07:34:52","guid":{"rendered":"https:\/\/pood.moe.ee\/?post_type=product&#038;p=6220"},"modified":"2023-09-11T07:57:39","modified_gmt":"2023-09-11T04:57:39","slug":"valdobbiadene-prosecco-rive-di-rolle-extra-brut","status":"publish","type":"product","link":"https:\/\/pood-moe.dev.almic.ee\/en\/shop\/prosecco\/prosecco-2\/valdobbiadene-prosecco-rive-di-rolle-extra-brut\/","title":{"rendered":"Sui Nui Valdobbiadene Prosecco Rive di Rolle Extra Brut"},"content":{"rendered":"","protected":false},"excerpt":{"rendered":"<p>Sui Nui Valdobbiadene \u201eRive di Rolle\u201c Prosecco DOCG Extra Brut<br \/>\n<strong>Piirkond<\/strong>: Prosecco Superiore Rive DOCG \/ Itaalia<br \/>\n<strong>Millest tehtud<\/strong>: Glera<br \/>\n<strong>Tootest<\/strong>: \u00d5lgkollase v\u00e4rvusega kirgas vahuvein. Energiline ja tihe mullikooslus andmas meeldivalt kreemja ja pehme suutunnetuse. Rikkalik kasvukeskkond on rikastanud Rive di Rolle Extra Bruti aromaatse puuviljasuse ja mineraalsete nootidega. N\u00fcansirikkas aroomis segunemas v\u00e4rsked tsitrused, \u00f5un, luuviljad ja valged \u00f5ied. T\u00e4pselt m\u00e4\u00e4ratletud maitse annab teed erakordsele elegantsusele ja tasakaalustatud maitsepaletile, kus p\u00f5hirolle m\u00e4ngivad v\u00e4rske \u00f5un, luuviljad ja tsitrused. Pikk ja mineraalselt m\u00e4nglev j\u00e4relmaitse. T\u00f5eline Rock\u2019n Roll veinimeister Eziolt!<br \/>\n<strong>Toidusoovitus<\/strong>: Suurep\u00e4rane vahuvein s\u00f5prade ringis nautimiseks. Meeldiv partner suupistevaagnate ja kergete kalaroogade k\u00f5rval.<br \/>\n<strong>Tootja<\/strong>: Sui Nui Spumanti<br \/>\n<strong>M\u00f5ni tore fakt<\/strong>: M\u00e4\u00e4ratlus Extra Brut annab j\u00e4\u00e4ksuhkru koguseks 0-6 g 1 l veini kohta, ehk siis 0-6 kcal v\u00f5i 0,9 g s\u00fcsivesikuid serveeritava koguse kohta 15 cl .<\/p>\n","protected":false},"featured_media":6221,"template":"","meta":[],"product_cat":[104,98],"product_tag":[],"acf":[],"_links":{"self":[{"href":"https:\/\/pood-moe.dev.almic.ee\/en\/wp-json\/wp\/v2\/product\/6220"}],"collection":[{"href":"https:\/\/pood-moe.dev.almic.ee\/en\/wp-json\/wp\/v2\/product"}],"about":[{"href":"https:\/\/pood-moe.dev.almic.ee\/en\/wp-json\/wp\/v2\/types\/product"}],"wp:featuredmedia":[{"embeddable":true,"href":"https:\/\/pood-moe.dev.almic.ee\/en\/wp-json\/wp\/v2\/media\/6221"}],"wp:attachment":[{"href":"https:\/\/pood-moe.dev.almic.ee\/en\/wp-json\/wp\/v2\/media?parent=6220"}],"wp:term":[{"taxonomy":"product_cat","embeddable":true,"href":"https:\/\/pood-moe.dev.almic.ee\/en\/wp-json\/wp\/v2\/product_cat?post=6220"},{"taxonomy":"product_tag","embeddable":true,"href":"https:\/\/pood-moe.dev.almic.ee\/en\/wp-json\/wp\/v2\/product_tag?post=6220"}],"curies":[{"name":"wp","href":"https:\/\/api.w.org\/{rel}","templated":true}]}}