{"id":6225,"date":"2023-05-18T11:01:39","date_gmt":"2023-05-18T08:01:39","guid":{"rendered":"https:\/\/pood.moe.ee\/?post_type=product&#038;p=6225"},"modified":"2023-09-11T07:57:39","modified_gmt":"2023-09-11T04:57:39","slug":"075-carati-ribolla-gialla-brut","status":"publish","type":"product","link":"https:\/\/pood-moe.dev.almic.ee\/en\/shop\/prosecco\/vahuvein\/075-carati-ribolla-gialla-brut\/","title":{"rendered":"075 Carati Ribolla Gialla Brut"},"content":{"rendered":"","protected":false},"excerpt":{"rendered":"<p>075 Carati Ribolla Gialla Brut<br \/>\n<strong>Piirkond<\/strong>: m\u00e4gine maariba Sloveenia ja Itaalia vahel<br \/>\n<strong>Millest tehtud<\/strong>: Viinamarjasordist Ribolla Gialla<br \/>\n<strong>Tootest<\/strong>: S\u00e4ravas helerohelise varjundiga mullikleidis kaunitar. Intensiivse aroomiga kerge ja s\u00e4rtsakas vahuvein, millel on pehme ja suus sulav vahustruktuur. Aroomis ja maitses domineerimas k\u00fcpse kollase \u00f5una n\u00fcansid k\u00e4sik\u00e4es tsitrusviljade ja mineraalsete nootidega.<br \/>\n<strong>Tootja<\/strong>: Piera Martellozzo Spa<br \/>\n<strong>M\u00f5ni tore fakt:<\/strong><br \/>\nAlates 1990 aastatest on veinimaja t\u00f6\u00f6tanud \u00fcha enam Friuli piirkonna v\u00e4ikeste v\u00e4hetuntud viinamarja sortidega nagu Ribolla Gialla ja Refosko dal Peduncalo. Carati t\u00e4hendab t\u00f5lgituna teemantit ja ilu.<br \/>\n075 Carati vahuveinide sari on loodud tuginedes Martellozzo perekonna v\u00e4\u00e4rtustele toomaks v\u00e4lja p\u00f5lismaiste viinamarja sortide ilu ja ebamaisust \u00fcha enam populaarsust koguval vahuveinide turul<\/p>\n","protected":false},"featured_media":6228,"template":"","meta":[],"product_cat":[108,98],"product_tag":[],"acf":[],"_links":{"self":[{"href":"https:\/\/pood-moe.dev.almic.ee\/en\/wp-json\/wp\/v2\/product\/6225"}],"collection":[{"href":"https:\/\/pood-moe.dev.almic.ee\/en\/wp-json\/wp\/v2\/product"}],"about":[{"href":"https:\/\/pood-moe.dev.almic.ee\/en\/wp-json\/wp\/v2\/types\/product"}],"wp:featuredmedia":[{"embeddable":true,"href":"https:\/\/pood-moe.dev.almic.ee\/en\/wp-json\/wp\/v2\/media\/6228"}],"wp:attachment":[{"href":"https:\/\/pood-moe.dev.almic.ee\/en\/wp-json\/wp\/v2\/media?parent=6225"}],"wp:term":[{"taxonomy":"product_cat","embeddable":true,"href":"https:\/\/pood-moe.dev.almic.ee\/en\/wp-json\/wp\/v2\/product_cat?post=6225"},{"taxonomy":"product_tag","embeddable":true,"href":"https:\/\/pood-moe.dev.almic.ee\/en\/wp-json\/wp\/v2\/product_tag?post=6225"}],"curies":[{"name":"wp","href":"https:\/\/api.w.org\/{rel}","templated":true}]}}