{"id":6230,"date":"2023-05-18T11:02:55","date_gmt":"2023-05-18T08:02:55","guid":{"rendered":"https:\/\/pood.moe.ee\/?post_type=product&#038;p=6230"},"modified":"2023-09-11T07:57:39","modified_gmt":"2023-09-11T04:57:39","slug":"075-carati-millesimato-extra-dry","status":"publish","type":"product","link":"https:\/\/pood-moe.dev.almic.ee\/en\/shop\/prosecco\/vahuvein\/075-carati-millesimato-extra-dry\/","title":{"rendered":"075 Carati Millesimato Extra Dry"},"content":{"rendered":"","protected":false},"excerpt":{"rendered":"<p>075 Carati Millesimato Extra Dry Spumante<\/p>\n<p><strong>Piirkond<\/strong>: Alta Marca Trevigiana and Pordenone ehk Veneto\/ Friuli- Venezia Giulia\/ Itaalia<br \/>\n<strong>Millest tehtud<\/strong>: 80% Glera, 20% Chardonnay<br \/>\n<strong>Tootest<\/strong>: S\u00e4ravas helerohelise varjundiga kuldses mullikleidis kaunitar. S\u00e4rtsakas ja mineraalne kuiv vahuvein, millel on pehme ja suus sulav vahustruktuur. Aroomis ja maitses domineerimas v\u00e4rsked \u00f5unased n\u00fcansid k\u00e4sik\u00e4es tsitrusviljadega. Extra Dry viide pudelil t\u00e4hendab m\u00f5nev\u00f5rra suurema magususega vahuveini.<br \/>\n<strong>Tootja<\/strong>: Piera Martellozzo Spa<br \/>\n<strong>M\u00f5ni tore fakt<\/strong>: Alates 1990 aastatest on veinimaja t\u00f6\u00f6tanud \u00fcha enam Friuli piirkonna v\u00e4ikeste v\u00e4hetuntud viinamarja sortidega nagu Ribolla Gialla ja Refosko dal Peduncalo. Carati t\u00e4hendab t\u00f5lgituna teemantit ja ilu.<br \/>\n075 Carati vahuveinide sari on loodud tuginedes Martellozzo perekonna v\u00e4\u00e4rtustele toomaks v\u00e4lja p\u00f5lismaiste viinamarja sortide ilu ja ebamaisust \u00fcha enam populaarsust koguval vahuveinide turul.<\/p>\n","protected":false},"featured_media":6233,"template":"","meta":[],"product_cat":[108,98],"product_tag":[],"acf":[],"_links":{"self":[{"href":"https:\/\/pood-moe.dev.almic.ee\/en\/wp-json\/wp\/v2\/product\/6230"}],"collection":[{"href":"https:\/\/pood-moe.dev.almic.ee\/en\/wp-json\/wp\/v2\/product"}],"about":[{"href":"https:\/\/pood-moe.dev.almic.ee\/en\/wp-json\/wp\/v2\/types\/product"}],"wp:featuredmedia":[{"embeddable":true,"href":"https:\/\/pood-moe.dev.almic.ee\/en\/wp-json\/wp\/v2\/media\/6233"}],"wp:attachment":[{"href":"https:\/\/pood-moe.dev.almic.ee\/en\/wp-json\/wp\/v2\/media?parent=6230"}],"wp:term":[{"taxonomy":"product_cat","embeddable":true,"href":"https:\/\/pood-moe.dev.almic.ee\/en\/wp-json\/wp\/v2\/product_cat?post=6230"},{"taxonomy":"product_tag","embeddable":true,"href":"https:\/\/pood-moe.dev.almic.ee\/en\/wp-json\/wp\/v2\/product_tag?post=6230"}],"curies":[{"name":"wp","href":"https:\/\/api.w.org\/{rel}","templated":true}]}}