{"id":6237,"date":"2023-05-18T11:04:40","date_gmt":"2023-05-18T08:04:40","guid":{"rendered":"https:\/\/pood.moe.ee\/?post_type=product&#038;p=6237"},"modified":"2023-09-11T07:57:38","modified_gmt":"2023-09-11T04:57:38","slug":"chateau-largentier-sommieres-languedoc-aop-2017","status":"publish","type":"product","link":"https:\/\/pood-moe.dev.almic.ee\/en\/shop\/vein\/varvus\/punane\/chateau-largentier-sommieres-languedoc-aop-2017\/","title":{"rendered":"Chateau L&#8217;Argentier Sommi\u00e8res Languedoc AOP"},"content":{"rendered":"","protected":false},"excerpt":{"rendered":"<p><strong>Toode<\/strong>: Chateau L&#8217;Argentier Sommi\u00e8res<br \/>\n<strong>Piirkond<\/strong>: Languedoc AOP \/L\u00f5una- Prantsusmaa<br \/>\n<strong>Millest tehtud<\/strong>: 70% Syrah, 20% Carignan, 10% Grenache<br \/>\nRubiinpunase v\u00e4rvuse ja keskmise kehandiga kuiv punavein. Veini aroomis on tunda elegantset kirsist lopsakust ja v\u00e4rskete mustade ja punaste metsamarjade intensiivsust. Heas maitse- ja aroomi tasakaalus oleva pehmete tanniinidega veini maitsepalett on mitmekihiline ja rikkalik pannes meie maitsemeeled t\u00f6\u00f6le ja \u00f5hkama v\u00e4ga pikaks ajaks.<br \/>\n<strong>Tootest<\/strong>: Marjad p\u00e4rinevad istanduse viinapuudelt mis on vanuses 25- 75 aastat. Veini on k\u00e4\u00e4ritatud 18 kuud betoon vaatides ja peale pudeldamist on vein puhanud pudelis v\u00e4hemalt 6 kuud.<br \/>\n<strong>Tootja<\/strong>: Scea du Mas Rouge<br \/>\n<strong>M\u00f5ni tore fakt: <\/strong>Chateau L\u2019Argentier kuulub viinamarja kasvatajatele Elisabeth ja Francoise Jourdanile. Tegu on 24 ha suuruse viinamarjaistandusega, millest 2,20 ha kannab sarnaselt kommuunile nimetust Sommi\u00e8res , mis omakorda on klassifitseeritud Languedoci kaitstud p\u00e4ritolu nimetuse alla.<\/p>\n","protected":false},"featured_media":6238,"template":"","meta":[],"product_cat":[366,116,55],"product_tag":[],"acf":[],"_links":{"self":[{"href":"https:\/\/pood-moe.dev.almic.ee\/en\/wp-json\/wp\/v2\/product\/6237"}],"collection":[{"href":"https:\/\/pood-moe.dev.almic.ee\/en\/wp-json\/wp\/v2\/product"}],"about":[{"href":"https:\/\/pood-moe.dev.almic.ee\/en\/wp-json\/wp\/v2\/types\/product"}],"wp:featuredmedia":[{"embeddable":true,"href":"https:\/\/pood-moe.dev.almic.ee\/en\/wp-json\/wp\/v2\/media\/6238"}],"wp:attachment":[{"href":"https:\/\/pood-moe.dev.almic.ee\/en\/wp-json\/wp\/v2\/media?parent=6237"}],"wp:term":[{"taxonomy":"product_cat","embeddable":true,"href":"https:\/\/pood-moe.dev.almic.ee\/en\/wp-json\/wp\/v2\/product_cat?post=6237"},{"taxonomy":"product_tag","embeddable":true,"href":"https:\/\/pood-moe.dev.almic.ee\/en\/wp-json\/wp\/v2\/product_tag?post=6237"}],"curies":[{"name":"wp","href":"https:\/\/api.w.org\/{rel}","templated":true}]}}