{"id":6242,"date":"2023-05-18T11:06:00","date_gmt":"2023-05-18T08:06:00","guid":{"rendered":"https:\/\/pood.moe.ee\/?post_type=product&#038;p=6242"},"modified":"2023-09-11T07:57:38","modified_gmt":"2023-09-11T04:57:38","slug":"cinsault-vieilles-vignes-igp-pays-du-gard-2019","status":"publish","type":"product","link":"https:\/\/pood-moe.dev.almic.ee\/en\/shop\/vein\/varvus\/punane\/cinsault-vieilles-vignes-igp-pays-du-gard-2019\/","title":{"rendered":"Cinsault Vieilles Vignes IGP Pays du Gard"},"content":{"rendered":"","protected":false},"excerpt":{"rendered":"<p><strong>Toode<\/strong>: Cinsault Vieilles Vignes<br \/>\n<strong>Piirkond<\/strong>: IGP Pays du Gard \/L\u00f5una- Prantsusmaa<br \/>\n<strong>Millest tehtud<\/strong>: Viinamarjasort Cinsault 100%<br \/>\nSeda kergema kehandiga kuiva punaveini iseloomustab hea tasakaal t\u00e4idluse ja s\u00e4rtsakuse vahel. Intensiivses aroomis domineerivad v\u00e4rsked punased marjad \u2013 vaarikad,granaat\u00f5un ja punased s\u00f5strad. Keskmise j\u00e4relmaitsega heas tasakaalus veini maitse n\u00fcanssides peegeldumas juba aroomist tuttavad v\u00e4rsked punased marjad.<br \/>\n<strong>Tootest<\/strong>: Veini on arendatud 12 kuud betoonist anumates. Lisaks 6 kuud veel pudelites. Viinapuude keskmine vanus 40 aastat.<br \/>\n<strong>Tootja<\/strong>: Scea du Mas Rouge<br \/>\n<strong>M\u00f5ni tore fakt<\/strong>: Chateau L\u2019Argentier kuulub viinamarja kasvatajatele Elisabeth ja Francoise Jourdanile. Tegu on 24 ha suuruse viinamarjaistandusega, millest 2,20 ha kannab sarnaselt kommuunile nimetust Sommi\u00e8res , mis omakorda on klassifitseeritud Languedoci kaitstud p\u00e4ritolu nimetuse alla. Ch\u00e2teau l&#8217;Argentier&#8217;i terroir\u2019i iseloomustavad raua ja tulekivi poolest rikkad mullad.<\/p>\n","protected":false},"featured_media":6243,"template":"","meta":[],"product_cat":[366,116,55],"product_tag":[],"acf":[],"_links":{"self":[{"href":"https:\/\/pood-moe.dev.almic.ee\/en\/wp-json\/wp\/v2\/product\/6242"}],"collection":[{"href":"https:\/\/pood-moe.dev.almic.ee\/en\/wp-json\/wp\/v2\/product"}],"about":[{"href":"https:\/\/pood-moe.dev.almic.ee\/en\/wp-json\/wp\/v2\/types\/product"}],"wp:featuredmedia":[{"embeddable":true,"href":"https:\/\/pood-moe.dev.almic.ee\/en\/wp-json\/wp\/v2\/media\/6243"}],"wp:attachment":[{"href":"https:\/\/pood-moe.dev.almic.ee\/en\/wp-json\/wp\/v2\/media?parent=6242"}],"wp:term":[{"taxonomy":"product_cat","embeddable":true,"href":"https:\/\/pood-moe.dev.almic.ee\/en\/wp-json\/wp\/v2\/product_cat?post=6242"},{"taxonomy":"product_tag","embeddable":true,"href":"https:\/\/pood-moe.dev.almic.ee\/en\/wp-json\/wp\/v2\/product_tag?post=6242"}],"curies":[{"name":"wp","href":"https:\/\/api.w.org\/{rel}","templated":true}]}}