{"id":6247,"date":"2023-05-18T11:07:50","date_gmt":"2023-05-18T08:07:50","guid":{"rendered":"https:\/\/pood.moe.ee\/?post_type=product&#038;p=6247"},"modified":"2023-09-11T07:57:38","modified_gmt":"2023-09-11T04:57:38","slug":"terre-magre-merlot-friuli-doc","status":"publish","type":"product","link":"https:\/\/pood-moe.dev.almic.ee\/en\/shop\/vein\/varvus\/punane\/terre-magre-merlot-friuli-doc\/","title":{"rendered":"Terre Magre Merlot"},"content":{"rendered":"","protected":false},"excerpt":{"rendered":"<p>Toode: Terre Magre Merlot<br \/>\nPiirkond: Friuli DOC \/ Itaalia<br \/>\nMillest tehtud: Merlot viinamarjasort , millest 20% on kuivatatud passito meetodil<br \/>\nTootest: Rubiinpunase v\u00e4rvusega marjase t\u00e4idlusega kuiv punavein. Veini v\u00e4ljendusrikas ja kompleksne iseloom annab edasi meeldivalt k\u00fcpseid kirsiseid n\u00fcansse, kuhu sekundeerivad rosinad ja kerge must ploom. J\u00e4relmaitse pikk ja kauakestev. Veini valmistamisel on kasutatud 20% ulatuses passito marju , mida on kuivatatud 60 p\u00e4eva jooksul. Veini v\u00f5ib nautida iseseisvalt, sobivad toidud mille k\u00f5rval serveerida on pardifilee, hirv, grillitud liha.<br \/>\nTootja: Piera 1899<br \/>\nM\u00f5ni tore fakt:<br \/>\nPiera 1899 on Kirde Itaalia \u00fcks juhtivaid veinimaju, mida juhib kindlak\u00e4eliselt veinimeister Piera Martellozzo. Oma tootmise fookuse on seadnud nad Friuli kultuurip\u00e4randi ja viinamarja kasvatuse oskusteabe s\u00e4ilitamisele. Nende soov on toota kaasaegseid trendikaid veine, mida on meeldiv nautida ja jagada.<\/p>\n","protected":false},"featured_media":6248,"template":"","meta":[],"product_cat":[148,116,55],"product_tag":[],"acf":[],"_links":{"self":[{"href":"https:\/\/pood-moe.dev.almic.ee\/en\/wp-json\/wp\/v2\/product\/6247"}],"collection":[{"href":"https:\/\/pood-moe.dev.almic.ee\/en\/wp-json\/wp\/v2\/product"}],"about":[{"href":"https:\/\/pood-moe.dev.almic.ee\/en\/wp-json\/wp\/v2\/types\/product"}],"wp:featuredmedia":[{"embeddable":true,"href":"https:\/\/pood-moe.dev.almic.ee\/en\/wp-json\/wp\/v2\/media\/6248"}],"wp:attachment":[{"href":"https:\/\/pood-moe.dev.almic.ee\/en\/wp-json\/wp\/v2\/media?parent=6247"}],"wp:term":[{"taxonomy":"product_cat","embeddable":true,"href":"https:\/\/pood-moe.dev.almic.ee\/en\/wp-json\/wp\/v2\/product_cat?post=6247"},{"taxonomy":"product_tag","embeddable":true,"href":"https:\/\/pood-moe.dev.almic.ee\/en\/wp-json\/wp\/v2\/product_tag?post=6247"}],"curies":[{"name":"wp","href":"https:\/\/api.w.org\/{rel}","templated":true}]}}