{"id":6263,"date":"2023-05-24T10:10:49","date_gmt":"2023-05-24T07:10:49","guid":{"rendered":"https:\/\/pood.moe.ee\/?post_type=product&#038;p=6263"},"modified":"2023-09-11T07:57:37","modified_gmt":"2023-09-11T04:57:37","slug":"borratella-chianti-classico","status":"publish","type":"product","link":"https:\/\/pood-moe.dev.almic.ee\/en\/shop\/vein\/varvus\/punane\/borratella-chianti-classico\/","title":{"rendered":"Borratella Chianti Classico"},"content":{"rendered":"","protected":false},"excerpt":{"rendered":"<p><strong>Toode<\/strong>: Borratella Chianti Classico Annata<br \/>\n<strong>Piirkond<\/strong>: Chianti Classico DOC \/ Itaalia<br \/>\n<strong>Millest tehtud<\/strong>: Viinamarjasordid Sangiovese ja Cabernet Sauvignon.<br \/>\nT\u00e4idlase kehandi ja marjase karakteriga kuiv punavein. Aroomis ja maitses \u00e4ra tuntav kirsisus ja mustade metsamarjade alatoon, mis kombineerub meela lillelise aromaatsuse ja v\u00fcrtsikate n\u00fcanssidega j\u00e4relmaitses. Tugevama kuid meeldiva tanniinistruktuuriga vein, millel on kompleksne ja pikk j\u00e4relmaitse.<br \/>\n<strong>Tootest<\/strong>: Veini on arendatud 12 kuud barrelis ja barriques. Lisaks 4 kuud pudelites.<br \/>\n<strong>Tootja<\/strong>: Borratella Azienda Agricola<br \/>\n<strong>M\u00f5ni tore fakt:<\/strong>\u00a0Borratella veiniaedade pindala on kokku umbes 5,75 ha. Lisaks kasvatatakse ka oliivipuid. Aastas valmistatakse veini 200 hl \u00fcmber, millest valmistatkse Chianti Classico Doc veine, Chianti Classico Riserva ja nende super Toskaana veine.<br \/>\n2017 Borratella Chianti Classico Annata on auhinnatud h\u00f5bemedaliga Dekanter wine Awards poolt.<\/p>\n","protected":false},"featured_media":6264,"template":"","meta":[],"product_cat":[148,116,55],"product_tag":[],"acf":[],"_links":{"self":[{"href":"https:\/\/pood-moe.dev.almic.ee\/en\/wp-json\/wp\/v2\/product\/6263"}],"collection":[{"href":"https:\/\/pood-moe.dev.almic.ee\/en\/wp-json\/wp\/v2\/product"}],"about":[{"href":"https:\/\/pood-moe.dev.almic.ee\/en\/wp-json\/wp\/v2\/types\/product"}],"wp:featuredmedia":[{"embeddable":true,"href":"https:\/\/pood-moe.dev.almic.ee\/en\/wp-json\/wp\/v2\/media\/6264"}],"wp:attachment":[{"href":"https:\/\/pood-moe.dev.almic.ee\/en\/wp-json\/wp\/v2\/media?parent=6263"}],"wp:term":[{"taxonomy":"product_cat","embeddable":true,"href":"https:\/\/pood-moe.dev.almic.ee\/en\/wp-json\/wp\/v2\/product_cat?post=6263"},{"taxonomy":"product_tag","embeddable":true,"href":"https:\/\/pood-moe.dev.almic.ee\/en\/wp-json\/wp\/v2\/product_tag?post=6263"}],"curies":[{"name":"wp","href":"https:\/\/api.w.org\/{rel}","templated":true}]}}