{"id":6268,"date":"2023-05-24T10:14:07","date_gmt":"2023-05-24T07:14:07","guid":{"rendered":"https:\/\/pood.moe.ee\/?post_type=product&#038;p=6268"},"modified":"2023-09-11T07:57:37","modified_gmt":"2023-09-11T04:57:37","slug":"herrenberg-riesling-kabinett","status":"publish","type":"product","link":"https:\/\/pood-moe.dev.almic.ee\/en\/shop\/vein\/varvus\/valge\/herrenberg-riesling-kabinett\/","title":{"rendered":"Weingut Carl Loewen Herrenberg Riesling Kabinett"},"content":{"rendered":"","protected":false},"excerpt":{"rendered":"<p>Alkoholisisaldus: 9,50% alc vol<br \/>\nPiirkond: Mosel, Saksamaa<br \/>\nMillest tehtud: Riesling 100%<br \/>\nV\u00e4rvus: Kirgas helekollane, kerge rohekas v\u00e4lgatus joogis. Klaasi seintele tekivad veinile kenad pikad jalad, vihjates k\u00f5rgemale j\u00e4\u00e4ksuhkrusisaldusele veinis.<br \/>\nAroom: Primaarsed aroomid kollane \u00f5un, ja pirn. Sekundaarsed aroomid v\u00e4rsked luuviljad, ananass, mesisus ja klaasis \u00fcha v\u00f5imanduvad tsitrused \u2013 kollane sidrun ja greip.<br \/>\nMaitse: Maitses off \u2013 dry t\u00fc\u00fcpi valge vein. Primaarsed kollane \u00f5un,pirn. Lisandumas \u00d5unaseemne n\u00fcanss, kerge valge s\u00f5star, kollased sidrunid ja lubjakivine mineraalsus tasakaalustamas troopilist puuviljasust. V\u00e4ga hea happe ja magususe balanss, alkohol on h\u00e4sti integreeritud. J\u00e4relmaitse on kestev ja \u00fclipikk.<br \/>\nServeerimine: Serveerida temperatuuril 8-10 kraadi. Ei vaja aereerimist ega dekanteerimist, kuid areneb klaasis marmelaadiseks ja \u00fcmaramaks.<br \/>\nToit: V\u00fcrtsikad toidud, mereannid- grillitud ja k\u00fcpsetatud valge kala. Traditsiooniline k\u00fcpsetatud sealiha ja hapukapsas J\u00f5ululaual. Sealiha vorstikesed mango t\u0161atni ja teiste v\u00fcrtsikate lisanditega. Suitsukala nii punane kui rasvasem valge.<br \/>\nTootest: Tuntud Moseli tootja off dry \/poolkuiv\/ t\u00fc\u00fcpi Kabinett stiilis valge vein, mis on p\u00e4rit Moseli \u00fchest vanimast viinapuu aiast Maxim Herrenberg. Veini aroom ja maitsed on kenas balansis ja on komplekssed. Valmistatud 100% Rieslingist.<br \/>\nTootja: Weingut Carl Loewen<br \/>\nHuvitav fakt: Weingut Carl Loewenile kuulub Moseli piirkonna \u00fcks vanimaid aedu Maximin Herrenberg,kuhu esimesed viinapuud istutati 1896 aastal. Sealset pinnast iseloomustab unikaalne punane kiltkivi, mis annab veinidele v\u00f5imsa aroomi. Weingut Cal Loewen kuulub ka Rieslingu tootjate \u00fchendusse Bernkasteller Ring, kes omakorda on ka Saksamaa vanim veinioksjoni firma.<\/p>\n","protected":false},"featured_media":6269,"template":"","meta":[],"product_cat":[150,118,55],"product_tag":[],"acf":[],"_links":{"self":[{"href":"https:\/\/pood-moe.dev.almic.ee\/en\/wp-json\/wp\/v2\/product\/6268"}],"collection":[{"href":"https:\/\/pood-moe.dev.almic.ee\/en\/wp-json\/wp\/v2\/product"}],"about":[{"href":"https:\/\/pood-moe.dev.almic.ee\/en\/wp-json\/wp\/v2\/types\/product"}],"wp:featuredmedia":[{"embeddable":true,"href":"https:\/\/pood-moe.dev.almic.ee\/en\/wp-json\/wp\/v2\/media\/6269"}],"wp:attachment":[{"href":"https:\/\/pood-moe.dev.almic.ee\/en\/wp-json\/wp\/v2\/media?parent=6268"}],"wp:term":[{"taxonomy":"product_cat","embeddable":true,"href":"https:\/\/pood-moe.dev.almic.ee\/en\/wp-json\/wp\/v2\/product_cat?post=6268"},{"taxonomy":"product_tag","embeddable":true,"href":"https:\/\/pood-moe.dev.almic.ee\/en\/wp-json\/wp\/v2\/product_tag?post=6268"}],"curies":[{"name":"wp","href":"https:\/\/api.w.org\/{rel}","templated":true}]}}