{"id":6278,"date":"2023-05-24T10:20:14","date_gmt":"2023-05-24T07:20:14","guid":{"rendered":"https:\/\/pood.moe.ee\/?post_type=product&#038;p=6278"},"modified":"2023-09-11T07:57:36","modified_gmt":"2023-09-11T04:57:36","slug":"la-pinada-utiel-requena","status":"publish","type":"product","link":"https:\/\/pood-moe.dev.almic.ee\/en\/shop\/vein\/varvus\/punane\/la-pinada-utiel-requena\/","title":{"rendered":"&#8220;La Pinada&#8221; Utiel Requena"},"content":{"rendered":"","protected":false},"excerpt":{"rendered":"<p><strong>Alkoholisisaldus<\/strong>: 13,50% alc vol<br \/>\n<strong>Piirkond<\/strong>: Utiel Requena DO\/ Valencia DO \/ Hispaania<br \/>\n<strong>Millest tehtud<\/strong>: 100% Bobal viinamarjasordist, mis on kasvatud \u00fches veiniaias nimega \u201eLa Pinada \u201e. Viinapuud istutatud 1958, kasvamas alluviaalsel ja savisel pinnasel.<br \/>\n<strong>V\u00e4rvus<\/strong>: Rubiinpunase v\u00e4rvusega vein, millel on mustjas varjund.<br \/>\n<strong>Aroom<\/strong>: Ninas v\u00e4rske ja puuviljane. Andes endas m\u00e4rku k\u00fcpsematest mustadest luuviljadest \u2013 ploom ja kirss, mustadest marjadest nagu musts\u00f5star, must tee. \u00c4ratuntavad aroomis m\u00f5ningasele arengule viitavad n\u00fcansid nahk, suits, m\u00f5ningane v\u00fcrtsikus.<br \/>\n<strong>Maitse<\/strong>: T\u00e4idlase kehandiga punane kuiv vein, mis on nooruslikult s\u00e4rtsakas ja marjase karakteriga. Maitses avaldumas k\u00fcpsed mustad luuviljad ja marjad \u2013 must kirss, musts\u00f5star, p\u00f5ldmari. Marjane tanniinistruktuur ja pikk j\u00e4relmaitse andmas veinile kena siidise struktuuri ja pika j\u00e4relmaitse, milles domineerimas lik\u00f6\u00f6rne marjasus ja k\u00fcpsetusv\u00fcrtsid.<br \/>\n<strong>Serveerimine<\/strong>: Serveerida temperatuuril 16-17 kraadi Bordeaux t\u00fc\u00fcpi punase veini klaasist. V\u00f5ib kindlasti aereerida.<br \/>\n<strong>Toit<\/strong>: Sobiv kaaslane grillitud sealiha steik ja loomaliha vorstid, Veisehakklihast valmistatud burger ja lamba hakklihast valmistatud kotletid meeldivas BBq kastmes. Erinevad pikalt k\u00fcpsetatud ahjupraed, magusamate k\u00f6\u00f6giviljadega.<br \/>\n<strong>Tootest<\/strong>: Valitud Decanter Magazine poolt 2021 aastal 10 parima Bobal viinamarjast veini hulka. Veinikriitik James Sucklingi poolt hinnatud 93 punkti. Vein on valmistatud v\u00e4iketootja poolt, mis on asutatud kahe s\u00f5bra Javier del Blanco ja Jorge Navascus poolt 2017 aastal. Eesm\u00e4rgiks valmistada kvaliteetseid, piirkonnale omaseid veine, austades samal ajal viinamarjade kasvukeskonda .<br \/>\n<strong>Tootja<\/strong>: Agricola de Vinos la Higuera,<br \/>\n<strong>Huvitav fakt<\/strong>: Bobal viinamarjasort on kasvatatavuselt Hispaanias kolmandal kohal Aireni ja Tempranillo j\u00e4rel. Suurimad kasvualad Kagu \u2013 Hispaanias. Viinamarja kobarad on suured ja lopsakad ja viinapuu vajab asjalikku hoolt, et anda \u00fchtlaselt k\u00fcpsevat saaki. Bobali sordist kvaliteetsete veinide valmistamine on hoo sisse saanud just viimastel aastatel, seoses uue p\u00f5lvkonna veinimeistrite pealekasvuga Utiel- Requenas, kes kasutades modernseid v\u00f5tteid ja tehnikaid on nad Bobal viinamarja taas au sisse t\u00f5stnud.<\/p>\n","protected":false},"featured_media":6279,"template":"","meta":[],"product_cat":[366,116,55],"product_tag":[],"acf":[],"_links":{"self":[{"href":"https:\/\/pood-moe.dev.almic.ee\/en\/wp-json\/wp\/v2\/product\/6278"}],"collection":[{"href":"https:\/\/pood-moe.dev.almic.ee\/en\/wp-json\/wp\/v2\/product"}],"about":[{"href":"https:\/\/pood-moe.dev.almic.ee\/en\/wp-json\/wp\/v2\/types\/product"}],"wp:featuredmedia":[{"embeddable":true,"href":"https:\/\/pood-moe.dev.almic.ee\/en\/wp-json\/wp\/v2\/media\/6279"}],"wp:attachment":[{"href":"https:\/\/pood-moe.dev.almic.ee\/en\/wp-json\/wp\/v2\/media?parent=6278"}],"wp:term":[{"taxonomy":"product_cat","embeddable":true,"href":"https:\/\/pood-moe.dev.almic.ee\/en\/wp-json\/wp\/v2\/product_cat?post=6278"},{"taxonomy":"product_tag","embeddable":true,"href":"https:\/\/pood-moe.dev.almic.ee\/en\/wp-json\/wp\/v2\/product_tag?post=6278"}],"curies":[{"name":"wp","href":"https:\/\/api.w.org\/{rel}","templated":true}]}}