{"id":6283,"date":"2023-05-24T10:25:08","date_gmt":"2023-05-24T07:25:08","guid":{"rendered":"https:\/\/pood.moe.ee\/?post_type=product&#038;p=6283"},"modified":"2023-09-11T07:57:36","modified_gmt":"2023-09-11T04:57:36","slug":"primicia-crianza","status":"publish","type":"product","link":"https:\/\/pood-moe.dev.almic.ee\/en\/shop\/vein\/varvus\/punane\/primicia-crianza\/","title":{"rendered":"Primicia Crianza"},"content":{"rendered":"","protected":false},"excerpt":{"rendered":"<p>Alkoholisisaldus: 14,50%<br \/>\nPiirkond: DO Terra Alta \/ Hispaania<br \/>\nMillest tehtud: Garnatxa Negra ja Syrah, viinapuud vanemad kui 25 aastat.<br \/>\nV\u00e4rvus: Rubiinpunane violetse varjundiga vein.<br \/>\nAroom: Intensiivse ja lopsaka aroomiga vein. Marmelaadised punased ja mustad metsamarjad ja luuviljad \u2013 kirss ja ploomi. Vaadist tulenev r\u00f6stisus ja kohvi n\u00fcansid ja magusad k\u00fcpsetusv\u00fcrtsid ja must pipar.<br \/>\nMaitse: Siidiste tanniinidega ja pika j\u00e4relmaitsega keskmise kehandiga punane vein, mille maitses tuntavad tume sokolaad, moosised punased ja mustad metsamarjad. J\u00e4relmaitse kantud mustast piprast ja v\u00fcrtsikatest toonidest.<br \/>\nServeerimine: Serveerida temperatuuril 16 kraadi Bordaeux t\u00fc\u00fcpi punase veini pokaalist.<br \/>\nToit: Grillitud lihad med k\u00fcpsusastmes, pikalt \u00fcrtidega ahjus k\u00fcpsetatud lambakints, pastad seente ja tugevate tomatiste kastmetega.<br \/>\nTootest: Veini valmistamisel kasutatatakse vaid p\u00e4rismaiseid( metsikuid\/keldrile omaseid ) p\u00e4rmit\u00fcvesid. Saignee meetodil veritseb mahl, viinamarjade iseenda kestade raskusj\u00f5ul suurtesse betoon tankidesse. Peale isetekkelist malolaktilist fermentatsiooni arendatakse veini minimaalselt 6 kuud Prantsuse tamme vaadis ja lastakse rahuneda ka m\u00f5nda aega pudelis. Vein on v\u00f5itnud mitmeid auhindu mitmesugustelt veini konkurssidelt.<br \/>\nTootja: Celler Batea<br \/>\nHuvitav fakt: 1950 \u2013 te l\u00f5pus m\u00f5istis grupp Batea piirkonna viinamarja kasvatajaid veini valmistamise majanduslikku ja sotsiaalse t\u00e4htsuse t\u00f5usu. \u00dchisel j\u00f5ul loodi veinimaja Celler Batea asutajateks 101 veinikasvatajat. Jagades \u00fchiseid p\u00f5him\u00f5tteid p\u00fc\u00fcti veinimaja arendamisel luua v\u00f5imalikult v\u00e4hesega v\u00f5imalikult palju. J\u00e4tkates ise samal ajal ka endi viinapuuaedade arendamist. Sihile j\u00f5uti 1961 kui valmis maja esimene vintage.<br \/>\nAuhinnad: Kuldmedal \u2013 Asia Wine Trophy 2016<br \/>\nKuldmedal \u2013 Concours International Mundus Vini 2010<br \/>\nKuldmedal Guilbert&amp; Gaillard Guide 2019<\/p>\n<p><img decoding=\"async\" loading=\"lazy\" class=\"size-thumbnail wp-image-6347 alignleft\" src=\"https:\/\/pood.moe.ee\/wp-content\/uploads\/2023\/05\/Pilt2-1-150x107.png\" alt=\"\" width=\"150\" height=\"107\" \/> <img decoding=\"async\" loading=\"lazy\" class=\"size-thumbnail wp-image-6349 alignleft\" src=\"https:\/\/pood.moe.ee\/wp-content\/uploads\/2023\/05\/Pilt3-1.jpg\" alt=\"\" width=\"115\" height=\"87\" \/> <img decoding=\"async\" loading=\"lazy\" class=\"size-thumbnail wp-image-6353 alignleft\" src=\"https:\/\/pood.moe.ee\/wp-content\/uploads\/2023\/05\/Pilt1-1.png\" alt=\"\" width=\"114\" height=\"114\" srcset=\"https:\/\/pood-moe.dev.almic.ee\/wp-content\/uploads\/2023\/05\/Pilt1-1.png 114w, https:\/\/pood-moe.dev.almic.ee\/wp-content\/uploads\/2023\/05\/Pilt1-1-100x100.png 100w\" sizes=\"(max-width: 114px) 100vw, 114px\" \/><\/p>\n","protected":false},"featured_media":6284,"template":"","meta":[],"product_cat":[288,116,55],"product_tag":[],"acf":[],"_links":{"self":[{"href":"https:\/\/pood-moe.dev.almic.ee\/en\/wp-json\/wp\/v2\/product\/6283"}],"collection":[{"href":"https:\/\/pood-moe.dev.almic.ee\/en\/wp-json\/wp\/v2\/product"}],"about":[{"href":"https:\/\/pood-moe.dev.almic.ee\/en\/wp-json\/wp\/v2\/types\/product"}],"wp:featuredmedia":[{"embeddable":true,"href":"https:\/\/pood-moe.dev.almic.ee\/en\/wp-json\/wp\/v2\/media\/6284"}],"wp:attachment":[{"href":"https:\/\/pood-moe.dev.almic.ee\/en\/wp-json\/wp\/v2\/media?parent=6283"}],"wp:term":[{"taxonomy":"product_cat","embeddable":true,"href":"https:\/\/pood-moe.dev.almic.ee\/en\/wp-json\/wp\/v2\/product_cat?post=6283"},{"taxonomy":"product_tag","embeddable":true,"href":"https:\/\/pood-moe.dev.almic.ee\/en\/wp-json\/wp\/v2\/product_tag?post=6283"}],"curies":[{"name":"wp","href":"https:\/\/api.w.org\/{rel}","templated":true}]}}