{"id":6288,"date":"2023-05-24T10:27:49","date_gmt":"2023-05-24T07:27:49","guid":{"rendered":"https:\/\/pood.moe.ee\/?post_type=product&#038;p=6288"},"modified":"2023-09-11T07:57:36","modified_gmt":"2023-09-11T04:57:36","slug":"primicia-blanc-fermentant-en-bota-dacacia","status":"publish","type":"product","link":"https:\/\/pood-moe.dev.almic.ee\/en\/shop\/vein\/varvus\/valge\/primicia-blanc-fermentant-en-bota-dacacia\/","title":{"rendered":"Primicia Blanc Akaatsia vaat"},"content":{"rendered":"","protected":false},"excerpt":{"rendered":"<p>Alkoholisisaldus: 13,50%<br \/>\nPiirkond: DO Terra Alta \/ Hispaania<br \/>\nMillest tehtud: Garnatxa Blanca 100%, orgaanilise p\u00f5llumajanduse p\u00f5him\u00f5teteel kasvatatavad viinapuud.<br \/>\nV\u00e4rvus: Helekollase v\u00e4rvusega vein, millel on rohekas helk.<br \/>\nAroom: Aromaatne ja intensiivne aroom. Karakteris \u00f5un, pirn, v\u00e4rsked luuviljad, r\u00f6stitud p\u00e4hklid, millele sekundeerivad \u00fcrdised ja aromaatsed n\u00fcansid \u2013 p\u00e4rm, apteegitill ja rosmariin, mida k\u00f5ike sidumas tsitruseliste s\u00e4rtsakas h\u00f5ng.<br \/>\nMaitse: Keskmise t\u00e4idlusega valge vein. Oma siidiste n\u00fcannssidega toob suhu troopilised puuviljad ja lillelise v\u00e4rskuse. Soolane mineraalsus andmas veinile vinge struktuuri. Pikas j\u00e4relmaitses p\u00f5imumas r\u00f6stitud p\u00e4hklid ja tsitrused.<br \/>\nServeerimine: Serveerida temperatuuril 10 kraadi Bordeaux t\u00fc\u00fcpi valge veini pokaalist.<br \/>\nToit: Sobiv kaaslane mereandide jurde. Keskmises arengus laabi juustud.<br \/>\nTootest: Marjad on korjatud valitud viinamarja istandustest, kus puud on vanemad kui paark\u00fcmend aastat. Kontrollitud k\u00e4\u00e4ritamine alguses betoon mahutites , hiljem uutes akaatsiat\u00fcnnides Veini on arendatud m\u00f5ne kuu jooksul peenel p\u00e4rmisettel ehk sur lie saavutamaks t\u00e4idlust ja \u00fcmarust. Toode on v\u00f5itnud mitmeid auhindu Rahvusvahelistelt veinikonkurssidelt ja Hispaania enda veinikonkurssidel.<br \/>\nTootja: Celler Batea<br \/>\nHuvitav fakt: 1950 \u2013 te l\u00f5pus m\u00f5istis grupp Batea piirkonna viinamarja kasvatajaid veini valmistamise majanduslikku ja sotsiaalse t\u00e4htsuse t\u00f5usu. \u00dchisel j\u00f5ul loodi veinimaja Celler Batea asutajateks 101 veinikasvatajat. Jagades \u00fchiseid p\u00f5him\u00f5tteid p\u00fc\u00fcti veinimaja arendamisel luua v\u00f5imalikult v\u00e4hesega v\u00f5imalikult palju. J\u00e4tkates ise samal ajal ka endi viinapuuaedade arendamist. Sihile j\u00f5uti 1961 kui valmis maja esimene vintage.<br \/>\nAuhinnad: H\u00f5bemedal \u2013 Concours International Bacchus\u2019 15<br \/>\nSuur Teemant &#8211; Vein ja Naine 2015<br \/>\nH\u00f5bemedal \u2013 Grenaches du Monde 2018<br \/>\nH\u00f5bemedal \u2013 Ecovino 2021<br \/>\nKuldmedal \u2013 Girovi 2021<br \/>\n<img decoding=\"async\" loading=\"lazy\" class=\"size-full wp-image-6336 alignleft\" src=\"https:\/\/pood.moe.ee\/wp-content\/uploads\/2023\/05\/Pilt2.png\" alt=\"\" width=\"114\" height=\"114\" srcset=\"https:\/\/pood-moe.dev.almic.ee\/wp-content\/uploads\/2023\/05\/Pilt2.png 114w, https:\/\/pood-moe.dev.almic.ee\/wp-content\/uploads\/2023\/05\/Pilt2-100x100.png 100w\" sizes=\"(max-width: 114px) 100vw, 114px\" \/> <img decoding=\"async\" loading=\"lazy\" class=\"size-thumbnail wp-image-6338 alignleft\" src=\"https:\/\/pood.moe.ee\/wp-content\/uploads\/2023\/05\/Pilt3.jpg\" alt=\"\" width=\"114\" height=\"127\" \/> <img decoding=\"async\" loading=\"lazy\" class=\"size-thumbnail wp-image-6340 alignleft\" src=\"https:\/\/pood.moe.ee\/wp-content\/uploads\/2023\/05\/Pilt1.png\" alt=\"\" width=\"114\" height=\"114\" srcset=\"https:\/\/pood-moe.dev.almic.ee\/wp-content\/uploads\/2023\/05\/Pilt1.png 114w, https:\/\/pood-moe.dev.almic.ee\/wp-content\/uploads\/2023\/05\/Pilt1-100x100.png 100w\" sizes=\"(max-width: 114px) 100vw, 114px\" \/><\/p>\n<p>&nbsp;<\/p>\n<p>&nbsp;<\/p>\n<p>&nbsp;<\/p>\n","protected":false},"featured_media":6289,"template":"","meta":[],"product_cat":[288,118,55],"product_tag":[],"acf":[],"_links":{"self":[{"href":"https:\/\/pood-moe.dev.almic.ee\/en\/wp-json\/wp\/v2\/product\/6288"}],"collection":[{"href":"https:\/\/pood-moe.dev.almic.ee\/en\/wp-json\/wp\/v2\/product"}],"about":[{"href":"https:\/\/pood-moe.dev.almic.ee\/en\/wp-json\/wp\/v2\/types\/product"}],"wp:featuredmedia":[{"embeddable":true,"href":"https:\/\/pood-moe.dev.almic.ee\/en\/wp-json\/wp\/v2\/media\/6289"}],"wp:attachment":[{"href":"https:\/\/pood-moe.dev.almic.ee\/en\/wp-json\/wp\/v2\/media?parent=6288"}],"wp:term":[{"taxonomy":"product_cat","embeddable":true,"href":"https:\/\/pood-moe.dev.almic.ee\/en\/wp-json\/wp\/v2\/product_cat?post=6288"},{"taxonomy":"product_tag","embeddable":true,"href":"https:\/\/pood-moe.dev.almic.ee\/en\/wp-json\/wp\/v2\/product_tag?post=6288"}],"curies":[{"name":"wp","href":"https:\/\/api.w.org\/{rel}","templated":true}]}}