{"id":6291,"date":"2023-05-24T10:30:32","date_gmt":"2023-05-24T07:30:32","guid":{"rendered":"https:\/\/pood.moe.ee\/?post_type=product&#038;p=6291"},"modified":"2023-09-11T07:57:35","modified_gmt":"2023-09-11T04:57:35","slug":"portas-da-herdade-alentejano-branco","status":"publish","type":"product","link":"https:\/\/pood-moe.dev.almic.ee\/en\/shop\/vein\/varvus\/valge\/portas-da-herdade-alentejano-branco\/","title":{"rendered":"Portas Da Herdade Alentejano Alvarinho"},"content":{"rendered":"","protected":false},"excerpt":{"rendered":"<p>Toode: Portas Da Herdade Alentejano Alvarinho<br \/>\nAlkoholisisaldus: alc vol 12,50%<br \/>\nPiirkond: Alentejo\/ Portugal<br \/>\nMillest tehtud: Valmistatud Alvarinho viinamarja sordist.<br \/>\nV\u00e4rvus: Sillerdava helekollase v\u00e4rvitooniga valge vein.<br \/>\nAroom: V\u00e4rkse ja mineraalne aroom, millele sekundeerivad troopiliste puuviljade n\u00fcansid.<br \/>\nMaitse: Hea mineraalsusega kuiv valge vein, millel on keskmine t\u00e4idlus ja puuviljane iseloom, kus domineerivad v\u00e4rsked troopilised puuviljad. J\u00e4relmaitse kauakestev ja n\u00fcansirikas.<br \/>\nToit: Sobiv kaasalane kergemate roogade k\u00f5rval \u2013 grillitud kalaroad ja mereannid, salatid.<br \/>\nServeerimine: Serveerida temperatuuril 8 kraadi Bordeaux t\u00fc\u00fcpi valge veini pokaalist.<br \/>\nTootest: Suurep\u00e4rane ja v\u00e4rske valge vein valmistatud piirkonna \u00fchest nooblimast viinamarjasordist \u2013 Alvarinho.<br \/>\nTootja: Companhia das Quintas<br \/>\nM\u00f5ni tore fakt: Alentejo piirkond on tuntud oma oliivisalude, teravilja- ja viinamarja kasvatuste poolest. Piirkonna \u00fcks t\u00f6\u00f6stusharu on ka tamme ja korgitamme kasvatamine. Portas da Herdade veinimaja kogusuurus on 157 ha, sellest viinaaedu on kokku 60 ha. \u00dclej\u00e4\u00e4nud alad on suures plaanis h\u00f5lmatud tamme ja korgitamme saludega.<\/p>\n","protected":false},"featured_media":6292,"template":"","meta":[],"product_cat":[404,118,55],"product_tag":[],"acf":[],"_links":{"self":[{"href":"https:\/\/pood-moe.dev.almic.ee\/en\/wp-json\/wp\/v2\/product\/6291"}],"collection":[{"href":"https:\/\/pood-moe.dev.almic.ee\/en\/wp-json\/wp\/v2\/product"}],"about":[{"href":"https:\/\/pood-moe.dev.almic.ee\/en\/wp-json\/wp\/v2\/types\/product"}],"wp:featuredmedia":[{"embeddable":true,"href":"https:\/\/pood-moe.dev.almic.ee\/en\/wp-json\/wp\/v2\/media\/6292"}],"wp:attachment":[{"href":"https:\/\/pood-moe.dev.almic.ee\/en\/wp-json\/wp\/v2\/media?parent=6291"}],"wp:term":[{"taxonomy":"product_cat","embeddable":true,"href":"https:\/\/pood-moe.dev.almic.ee\/en\/wp-json\/wp\/v2\/product_cat?post=6291"},{"taxonomy":"product_tag","embeddable":true,"href":"https:\/\/pood-moe.dev.almic.ee\/en\/wp-json\/wp\/v2\/product_tag?post=6291"}],"curies":[{"name":"wp","href":"https:\/\/api.w.org\/{rel}","templated":true}]}}