{"id":6303,"date":"2023-05-24T10:35:13","date_gmt":"2023-05-24T07:35:13","guid":{"rendered":"https:\/\/pood.moe.ee\/?post_type=product&#038;p=6303"},"modified":"2023-09-11T07:57:34","modified_gmt":"2023-09-11T04:57:34","slug":"uniqo-reserva","status":"publish","type":"product","link":"https:\/\/pood-moe.dev.almic.ee\/en\/shop\/vein\/varvus\/punane\/uniqo-reserva\/","title":{"rendered":"Uniqo Reserva"},"content":{"rendered":"","protected":false},"excerpt":{"rendered":"<p>Uniqo Reserva<\/p>\n<p><strong>Alkoholisisaldus<\/strong>: alc vol 14%<br \/>\n<strong>Piirkond<\/strong>: Douro DOC \/ Portugal<br \/>\n<strong>Millest tehtud<\/strong>: 50 % Touriga Franca, 30% Tinta Roriz, 20% Touriga Nacional<br \/>\n<strong>V\u00e4rvus<\/strong>: S\u00fcgav musta varjundiga rubiinpunane punane vein.<br \/>\n<strong>Aroom<\/strong>: Aroom on n\u00fcansirohke ja intensiivne, tuues esile v\u00e4rsked mustad luuviljad, mustad marjad ja k\u00fcpsetusv\u00fcrtsid.<br \/>\n<strong>Maitse<\/strong>: Rikkalik ja t\u00e4idlase suutunnetusega siidine punane vein, mille l\u00f5ppviimistlus on pikk ja p\u00fcsiv.<br \/>\n<strong>Tootest<\/strong>: K\u00f5ik viinamarja sordid on k\u00e4\u00e4ritatud eraldi , eraldi tammevaatides on teostatud ka malolaktiline fermentatsioon Tinta Rorizile. Veini on arendatud Prantsuse tammevaadis barrique 18 kuud, millest 20% on uus.<br \/>\n<strong>Tootja<\/strong>: Companhia das Quintas<br \/>\n<strong>M\u00f5ni tore fakt<\/strong>: veinimeister Luis Duarte<\/p>\n","protected":false},"featured_media":6304,"template":"","meta":[],"product_cat":[404,116,55],"product_tag":[],"acf":[],"_links":{"self":[{"href":"https:\/\/pood-moe.dev.almic.ee\/en\/wp-json\/wp\/v2\/product\/6303"}],"collection":[{"href":"https:\/\/pood-moe.dev.almic.ee\/en\/wp-json\/wp\/v2\/product"}],"about":[{"href":"https:\/\/pood-moe.dev.almic.ee\/en\/wp-json\/wp\/v2\/types\/product"}],"wp:featuredmedia":[{"embeddable":true,"href":"https:\/\/pood-moe.dev.almic.ee\/en\/wp-json\/wp\/v2\/media\/6304"}],"wp:attachment":[{"href":"https:\/\/pood-moe.dev.almic.ee\/en\/wp-json\/wp\/v2\/media?parent=6303"}],"wp:term":[{"taxonomy":"product_cat","embeddable":true,"href":"https:\/\/pood-moe.dev.almic.ee\/en\/wp-json\/wp\/v2\/product_cat?post=6303"},{"taxonomy":"product_tag","embeddable":true,"href":"https:\/\/pood-moe.dev.almic.ee\/en\/wp-json\/wp\/v2\/product_tag?post=6303"}],"curies":[{"name":"wp","href":"https:\/\/api.w.org\/{rel}","templated":true}]}}