{"id":640,"date":"2019-07-02T04:32:44","date_gmt":"2019-07-02T04:32:44","guid":{"rendered":"https:\/\/pood.moe.ee\/?post_type=product&#038;p=640"},"modified":"2023-09-11T07:58:40","modified_gmt":"2023-09-11T04:58:40","slug":"handsa-astelpaju-sour","status":"publish","type":"product","link":"https:\/\/pood-moe.dev.almic.ee\/en\/shop\/kangealkohol\/handsa\/handsa-astelpaju-sour\/","title":{"rendered":"Handsa Astelpaju Sour"},"content":{"rendered":"","protected":false},"excerpt":{"rendered":"<p>Astelpajuga maitsestatud Handsa Sour.<\/p>\n<p>Maailma vanimast rukkisordist, mahedast Sangaste rukkist p\u00f5letatud Handsa on Setomaalt p\u00e4rit traditsiooniline kange alkohoolne jook. Seda on aetud l\u00e4bi sajandite rukkist ja rukkilinnastest. Viinap\u00f5letajad ajasid Handsat enamasti salaja oma tarbeks v\u00f5i salakaubana m\u00fc\u00fcgiks.<br \/>\nErinevalt viinast, mis valmib piiritusest (kangus v\u00e4hemalt\u00a0 96% ) ja veest, on Handsa teraviljadestillaat, mille destilleerimiskangus on\u00a0 60-70 % alc.vol.<br \/>\nHandsa on liigituselt teraviljabr\u00e4ndi, t\u00e4psemalt rukkibr\u00e4ndi.<\/p>\n<p><img decoding=\"async\" loading=\"lazy\" class=\"alignnone wp-image-288\" src=\"https:\/\/pood.moe.ee\/wp-content\/uploads\/2018\/11\/mahem\u00e4rk.png\" alt=\"\" width=\"100\" height=\"100\" srcset=\"https:\/\/pood-moe.dev.almic.ee\/wp-content\/uploads\/2018\/11\/mahem\u00e4rk.png 300w, https:\/\/pood-moe.dev.almic.ee\/wp-content\/uploads\/2018\/11\/mahem\u00e4rk-150x150.png 150w, https:\/\/pood-moe.dev.almic.ee\/wp-content\/uploads\/2018\/11\/mahem\u00e4rk-100x100.png 100w\" sizes=\"(max-width: 100px) 100vw, 100px\" \/><\/p>\n<p>31,3% Vol.<\/p>\n","protected":false},"featured_media":5083,"template":"","meta":[],"product_cat":[112,432,41],"product_tag":[],"acf":[],"_links":{"self":[{"href":"https:\/\/pood-moe.dev.almic.ee\/en\/wp-json\/wp\/v2\/product\/640"}],"collection":[{"href":"https:\/\/pood-moe.dev.almic.ee\/en\/wp-json\/wp\/v2\/product"}],"about":[{"href":"https:\/\/pood-moe.dev.almic.ee\/en\/wp-json\/wp\/v2\/types\/product"}],"wp:featuredmedia":[{"embeddable":true,"href":"https:\/\/pood-moe.dev.almic.ee\/en\/wp-json\/wp\/v2\/media\/5083"}],"wp:attachment":[{"href":"https:\/\/pood-moe.dev.almic.ee\/en\/wp-json\/wp\/v2\/media?parent=640"}],"wp:term":[{"taxonomy":"product_cat","embeddable":true,"href":"https:\/\/pood-moe.dev.almic.ee\/en\/wp-json\/wp\/v2\/product_cat?post=640"},{"taxonomy":"product_tag","embeddable":true,"href":"https:\/\/pood-moe.dev.almic.ee\/en\/wp-json\/wp\/v2\/product_tag?post=640"}],"curies":[{"name":"wp","href":"https:\/\/api.w.org\/{rel}","templated":true}]}}