{"id":6535,"date":"2023-06-09T09:12:46","date_gmt":"2023-06-09T06:12:46","guid":{"rendered":"https:\/\/pood.moe.ee\/?post_type=product&#038;p=6535"},"modified":"2023-09-11T07:57:34","modified_gmt":"2023-09-11T04:57:34","slug":"moe-signature-cocktail-skinny-bitch","status":"publish","type":"product","link":"https:\/\/pood-moe.dev.almic.ee\/en\/shop\/joogid\/moe-signature-cocktail-skinny-bitch\/","title":{"rendered":"Signature Cocktail Skinny Bitch"},"content":{"rendered":"","protected":false},"excerpt":{"rendered":"<p><strong>Skinny B*tch<\/strong><\/p>\n<p>T\u00f5eliselt v\u00e4rskendav ja kerge kokteil Moe Viin 1886-st, sidrunitest ja mulliveest. Ilma lisatud suhkruta ja valmis kohe nautimiseks.<\/p>\n<p>Skinny B*tchi valmistamiseks kasutasime k\u00e4sitsi kooritud sidrunite koort, mida leotasime Moe Viinas n\u00e4dal aega. Saadud sidruniviinale lisasime mullivett ja \u00f5unhapet ning kokteil oligi valmis. Lihtsad asjad on head, kui Sul on esmaklassilised toorained.<\/p>\n<p><strong>Fun fact<\/strong>: Skinny B*tch esimeses partiis kasutatud sidrunite mahlast segati kokteile 2023 aasta presidendi vastuv\u00f5tu baarides. T\u00f5elised nullkulu sidrunid!<\/p>\n<p>Signature Cocktails tooteid v\u00e4lja t\u00f6\u00f6tades p\u00f6\u00f6rasime erilist t\u00e4helepanu meie p\u00f5him\u00f5tetele, mida oleme j\u00e4rginud k\u00f5ikide toodete loomisel. Nendeks on naturaalsed koostisosad; l\u00f5hna-, v\u00e4rv- ja maitse\u00fchendite v\u00e4ltimine, suhkru lisamisest hoidumine. Meie kindel veendumus on, et kvaliteetsed toorained on hea toote aluseks ja see kehtib nii viina kui kokteili segamisel.<\/p>\n","protected":false},"featured_media":6536,"template":"","meta":[],"product_cat":[432,634],"product_tag":[],"acf":[],"_links":{"self":[{"href":"https:\/\/pood-moe.dev.almic.ee\/en\/wp-json\/wp\/v2\/product\/6535"}],"collection":[{"href":"https:\/\/pood-moe.dev.almic.ee\/en\/wp-json\/wp\/v2\/product"}],"about":[{"href":"https:\/\/pood-moe.dev.almic.ee\/en\/wp-json\/wp\/v2\/types\/product"}],"wp:featuredmedia":[{"embeddable":true,"href":"https:\/\/pood-moe.dev.almic.ee\/en\/wp-json\/wp\/v2\/media\/6536"}],"wp:attachment":[{"href":"https:\/\/pood-moe.dev.almic.ee\/en\/wp-json\/wp\/v2\/media?parent=6535"}],"wp:term":[{"taxonomy":"product_cat","embeddable":true,"href":"https:\/\/pood-moe.dev.almic.ee\/en\/wp-json\/wp\/v2\/product_cat?post=6535"},{"taxonomy":"product_tag","embeddable":true,"href":"https:\/\/pood-moe.dev.almic.ee\/en\/wp-json\/wp\/v2\/product_tag?post=6535"}],"curies":[{"name":"wp","href":"https:\/\/api.w.org\/{rel}","templated":true}]}}