{"id":6551,"date":"2023-06-09T14:51:32","date_gmt":"2023-06-09T11:51:32","guid":{"rendered":"https:\/\/pood.moe.ee\/?post_type=product&#038;p=6551"},"modified":"2023-09-11T07:57:33","modified_gmt":"2023-09-11T04:57:33","slug":"champagne-bernard-remy-grand-cru","status":"publish","type":"product","link":"https:\/\/pood-moe.dev.almic.ee\/en\/shop\/prosecco\/sampanja\/champagne-bernard-remy-grand-cru\/","title":{"rendered":"Champagne Bernard Remy Grand Cru"},"content":{"rendered":"","protected":false},"excerpt":{"rendered":"<p>Champagne Bernard Remy Grand Cru,<br \/>\n<strong>Piirkond<\/strong>: K\u00fcla Le Mesnil &#8211; Sur- Oger \/ Champagne\/ Prantsusmaa,<br \/>\n<strong>Millest tehtud<\/strong>: \u0160ampanja on valmistatud 100% Chardonnay viinamarjasordist ja on k\u00fcpsenud pudelis p\u00e4rmisettel 48 kuud.<br \/>\nElegantne ja silmapaistev \u0161ampanja, mille aroomis domineerimas v\u00f5luvad aroomid k\u00fcpsetest \u00f5untest, ploomidest ja aromaatsetest lilledest. Suurep\u00e4raselt joodav \u0161ampanja, millel on hea struktuur ja on maitses \u00fcmar ja elegantne.<br \/>\n<strong>Tootja<\/strong>: Champagne Bernard Remy<br \/>\n<strong>M\u00f5ni tore fakt<\/strong>: Champagne Bernard Remy n\u00e4ol on tegu tunnustatud tootjaga, kelle \u0161ampanjad on v\u00f5itnud hulgaliselt suurep\u00e4raseid hinnanguid erinevatelt konkurssidelt.<\/p>\n","protected":false},"featured_media":6553,"template":"","meta":[],"product_cat":[414,98],"product_tag":[],"acf":[],"_links":{"self":[{"href":"https:\/\/pood-moe.dev.almic.ee\/en\/wp-json\/wp\/v2\/product\/6551"}],"collection":[{"href":"https:\/\/pood-moe.dev.almic.ee\/en\/wp-json\/wp\/v2\/product"}],"about":[{"href":"https:\/\/pood-moe.dev.almic.ee\/en\/wp-json\/wp\/v2\/types\/product"}],"wp:featuredmedia":[{"embeddable":true,"href":"https:\/\/pood-moe.dev.almic.ee\/en\/wp-json\/wp\/v2\/media\/6553"}],"wp:attachment":[{"href":"https:\/\/pood-moe.dev.almic.ee\/en\/wp-json\/wp\/v2\/media?parent=6551"}],"wp:term":[{"taxonomy":"product_cat","embeddable":true,"href":"https:\/\/pood-moe.dev.almic.ee\/en\/wp-json\/wp\/v2\/product_cat?post=6551"},{"taxonomy":"product_tag","embeddable":true,"href":"https:\/\/pood-moe.dev.almic.ee\/en\/wp-json\/wp\/v2\/product_tag?post=6551"}],"curies":[{"name":"wp","href":"https:\/\/api.w.org\/{rel}","templated":true}]}}