{"id":7086,"date":"2023-09-06T15:40:42","date_gmt":"2023-09-06T12:40:42","guid":{"rendered":"https:\/\/pood.moe.ee\/?post_type=product&#038;p=7086"},"modified":"2023-09-11T07:57:33","modified_gmt":"2023-09-11T04:57:33","slug":"park-cognac-mizunara-masterclass","status":"publish","type":"product","link":"https:\/\/pood-moe.dev.almic.ee\/en\/shop\/kingitused\/meistriklass\/park-cognac-mizunara-masterclass\/","title":{"rendered":"PARK COGNAC Mizunara MASTERCLASS"},"content":{"rendered":"","protected":false},"excerpt":{"rendered":"<h1>Moe Distillery kutsub<\/h1>\n<h2>PARK COGNAC Mizunara MASTERCLASS<\/h2>\n<p><strong>27 september kell 18.00 LEE Veinibaaris Uus 31 <\/strong><\/p>\n<h3>Esitlemisel konjakid:<\/h3>\n<p>1. Park Borderies Cognac<br \/>\n2. Park Borderies Mizunara Cognac<br \/>\n3. Park Borderies Mizunara Cognac 10 years<br \/>\n4. Park Borderies Single Cask Mizunara Cognac 2006<br \/>\n<em>Hinnas sisalduvad ka suupisted Lee Restorani uuest s\u00fcgismen\u00fc\u00fcst<\/em><\/p>\n<p>Osaluse tagab ettemaks l\u00e4bi Moe e-poe<\/p>\n<p>Konjakimaja tutvustab Tessendier&amp;Fils m\u00fc\u00fcgijuht Am\u00e9lie Bruyer.<br \/>\nDistillerie Tessendier&amp;Fils on v\u00e4ike konjakimaja, mida t\u00e4na juhivad vennad Jerome ja Lilian Tessendier. Meisterlike ja nutikate destilleerijatena on nad loonud erip\u00e4rase konjakimaja, kes kasutab mitmete oma konjakite viimistlemisel haruldast Jaapani Mizunara tammevaati.<br \/>\nMizunara on p\u00f5lismaine Tammesort Jaapanist Hokkaidost, mille kohta legendaarsed viskitootjad on \u00f6elnud: \u201eusume et Mizunara on maailma k\u00f5ige maitsek\u00fcllasem tammepuit\u201c.<\/p>\n","protected":false},"featured_media":7087,"template":"","meta":[],"product_cat":[712],"product_tag":[],"acf":[],"_links":{"self":[{"href":"https:\/\/pood-moe.dev.almic.ee\/en\/wp-json\/wp\/v2\/product\/7086"}],"collection":[{"href":"https:\/\/pood-moe.dev.almic.ee\/en\/wp-json\/wp\/v2\/product"}],"about":[{"href":"https:\/\/pood-moe.dev.almic.ee\/en\/wp-json\/wp\/v2\/types\/product"}],"wp:featuredmedia":[{"embeddable":true,"href":"https:\/\/pood-moe.dev.almic.ee\/en\/wp-json\/wp\/v2\/media\/7087"}],"wp:attachment":[{"href":"https:\/\/pood-moe.dev.almic.ee\/en\/wp-json\/wp\/v2\/media?parent=7086"}],"wp:term":[{"taxonomy":"product_cat","embeddable":true,"href":"https:\/\/pood-moe.dev.almic.ee\/en\/wp-json\/wp\/v2\/product_cat?post=7086"},{"taxonomy":"product_tag","embeddable":true,"href":"https:\/\/pood-moe.dev.almic.ee\/en\/wp-json\/wp\/v2\/product_tag?post=7086"}],"curies":[{"name":"wp","href":"https:\/\/api.w.org\/{rel}","templated":true}]}}